{"id":481,"date":"2019-04-02T12:05:39","date_gmt":"2019-04-02T10:05:39","guid":{"rendered":"https:\/\/www.rctb-elteutorneig.enproves.net\/torneo-solidario\/"},"modified":"2026-03-19T11:34:12","modified_gmt":"2026-03-19T10:34:12","slug":"torneo-solidario","status":"publish","type":"page","link":"https:\/\/www.eltorneigdelsoci.es\/es\/torneo-solidario\/","title":{"rendered":"Torneo Solidario"},"content":{"rendered":"\t\t<div data-elementor-type=\"wp-post\" data-elementor-id=\"481\" class=\"elementor elementor-481 elementor-178\" data-elementor-post-type=\"page\">\n\t\t\t\t\t\t<section class=\"elementor-section elementor-top-section elementor-element elementor-element-052710a elementor-section-boxed elementor-section-height-default elementor-section-height-default\" data-id=\"052710a\" data-element_type=\"section\" data-e-type=\"section\" data-settings=\"{&quot;jet_parallax_layout_list&quot;:[]}\">\n\t\t\t\t\t\t<div class=\"elementor-container elementor-column-gap-default\">\n\t\t\t\t\t<div class=\"elementor-column elementor-col-100 elementor-top-column elementor-element elementor-element-5029e28\" data-id=\"5029e28\" data-element_type=\"column\" data-e-type=\"column\">\n\t\t\t<div class=\"elementor-widget-wrap elementor-element-populated\">\n\t\t\t\t\t\t<div class=\"elementor-element elementor-element-ccca6f3 elementor-widget elementor-widget-heading\" data-id=\"ccca6f3\" data-element_type=\"widget\" data-e-type=\"widget\" data-widget_type=\"heading.default\">\n\t\t\t\t<div class=\"elementor-widget-container\">\n\t\t\t\t\t<h1 class=\"elementor-heading-title elementor-size-xxl\">La Fundaci\u00f3n Tenis Barcelona, <br>Charity Partner del Torneo<\/h1>\t\t\t\t<\/div>\n\t\t\t\t<\/div>\n\t\t\t\t\t<\/div>\n\t\t<\/div>\n\t\t\t\t\t<\/div>\n\t\t<\/section>\n\t\t\t\t<section class=\"elementor-section elementor-top-section elementor-element elementor-element-35ac72a elementor-section-boxed elementor-section-height-default elementor-section-height-default\" data-id=\"35ac72a\" data-element_type=\"section\" data-e-type=\"section\" data-settings=\"{&quot;jet_parallax_layout_list&quot;:[]}\">\n\t\t\t\t\t\t<div class=\"elementor-container elementor-column-gap-default\">\n\t\t\t\t\t<div class=\"elementor-column elementor-col-16 elementor-top-column elementor-element elementor-element-d1c7478\" data-id=\"d1c7478\" data-element_type=\"column\" data-e-type=\"column\">\n\t\t\t<div class=\"elementor-widget-wrap\">\n\t\t\t\t\t\t\t<\/div>\n\t\t<\/div>\n\t\t\t\t<div class=\"elementor-column elementor-col-66 elementor-top-column elementor-element elementor-element-707c6d2\" data-id=\"707c6d2\" data-element_type=\"column\" data-e-type=\"column\">\n\t\t\t<div class=\"elementor-widget-wrap elementor-element-populated\">\n\t\t\t\t\t\t<div class=\"elementor-element elementor-element-391ec64 elementor-widget elementor-widget-text-editor\" data-id=\"391ec64\" data-element_type=\"widget\" data-e-type=\"widget\" data-widget_type=\"text-editor.default\">\n\t\t\t\t<div class=\"elementor-widget-container\">\n\t\t\t\t\t\t\t\t\t<p><strong>El Torneo ser\u00e1 el mejor escaparate para toda la acci\u00f3n solidaria que lleva a cabo el Club. El Charity Partner ya tiene una larga lista de actividades e iniciativas solidarias que os explicamos a continuaci\u00f3n:<\/strong><\/p>\n\t\t\t\t\t\t\t\t<\/div>\n\t\t\t\t<\/div>\n\t\t\t\t\t<\/div>\n\t\t<\/div>\n\t\t\t\t<div class=\"elementor-column elementor-col-16 elementor-top-column elementor-element elementor-element-3ba3293\" data-id=\"3ba3293\" data-element_type=\"column\" data-e-type=\"column\">\n\t\t\t<div class=\"elementor-widget-wrap\">\n\t\t\t\t\t\t\t<\/div>\n\t\t<\/div>\n\t\t\t\t\t<\/div>\n\t\t<\/section>\n\t\t\t\t<section class=\"elementor-section elementor-top-section elementor-element elementor-element-b968d75 elementor-section-boxed elementor-section-height-default elementor-section-height-default\" data-id=\"b968d75\" data-element_type=\"section\" data-e-type=\"section\" data-settings=\"{&quot;jet_parallax_layout_list&quot;:[]}\">\n\t\t\t\t\t\t<div class=\"elementor-container elementor-column-gap-default\">\n\t\t\t\t\t<div class=\"elementor-column elementor-col-100 elementor-top-column elementor-element elementor-element-7fdd8b5\" data-id=\"7fdd8b5\" data-element_type=\"column\" data-e-type=\"column\">\n\t\t\t<div class=\"elementor-widget-wrap elementor-element-populated\">\n\t\t\t\t\t\t<div class=\"elementor-element elementor-element-2dc2293 elementor-widget elementor-widget-heading\" data-id=\"2dc2293\" data-element_type=\"widget\" data-e-type=\"widget\" data-widget_type=\"heading.default\">\n\t\t\t\t<div class=\"elementor-widget-container\">\n\t\t\t\t\t<h3 class=\"elementor-heading-title elementor-size-default\">Opening Night, un d\u00eda solidario<\/h3>\t\t\t\t<\/div>\n\t\t\t\t<\/div>\n\t\t\t\t<div class=\"elementor-element elementor-element-8ca3c7c elementor-widget elementor-widget-text-editor\" data-id=\"8ca3c7c\" data-element_type=\"widget\" data-e-type=\"widget\" data-widget_type=\"text-editor.default\">\n\t\t\t\t<div class=\"elementor-widget-container\">\n\t\t\t\t\t\t\t\t\t<p>El <strong>jueves 9 de abril<\/strong>, el Barcelona Open Banc Sabadell \u2013 Trofeo Conde de God\u00f3 dar\u00e1 el pistoletazo de salida a la <strong>Fan Week con la celebraci\u00f3n del Opening Night<\/strong>, una jornada que combinar\u00e1 competici\u00f3n, exhibici\u00f3n y solidaridad para vivir el torneo antes del inicio oficial.<\/p>\n<p><img fetchpriority=\"high\" decoding=\"async\" class=\"wp-image-9794 size-full aligncenter\" src=\"https:\/\/www.eltorneigdelsoci.es\/wp-content\/uploads\/2026\/03\/OPENING-NIGHT-680-x-370-PXL.jpg\" alt=\"\" width=\"680\" height=\"370\" srcset=\"https:\/\/www.eltorneigdelsoci.es\/wp-content\/uploads\/2026\/03\/OPENING-NIGHT-680-x-370-PXL.jpg 680w, https:\/\/www.eltorneigdelsoci.es\/wp-content\/uploads\/2026\/03\/OPENING-NIGHT-680-x-370-PXL-300x163.jpg 300w\" sizes=\"(max-width: 680px) 100vw, 680px\" \/><\/p>\n<p>La actividad contar\u00e1 con tres escaparates completamente diferentes:<strong> la final del Pro Pre-Qualifier (U21)<\/strong>, <strong>la Nations Cup<\/strong> y el <strong>Charity Dinner<\/strong>, una cena exclusiva que reunir\u00e1 a socios y socias, empresas patrocinadoras, representantes institucionales y figuras del mundo del tenis en una velada ben\u00e9fica destinada a recaudar fondos para los proyectos sociales de la Fundaci\u00f3n. Toda la recaudaci\u00f3n del d\u00eda se destinar\u00e1 de forma integra a la Fundaci\u00f3n del Real Club de Tenis Barcelona.<\/p>\n<p><img decoding=\"async\" class=\"alignnone wp-image-9795 size-full\" src=\"https:\/\/www.eltorneigdelsoci.es\/wp-content\/uploads\/2026\/03\/CENA-CHARITY-9-ABRIL-26_-tarjeton_page-0001-scaled.jpg\" alt=\"\" width=\"2560\" height=\"1440\" srcset=\"https:\/\/www.eltorneigdelsoci.es\/wp-content\/uploads\/2026\/03\/CENA-CHARITY-9-ABRIL-26_-tarjeton_page-0001-scaled.jpg 2560w, https:\/\/www.eltorneigdelsoci.es\/wp-content\/uploads\/2026\/03\/CENA-CHARITY-9-ABRIL-26_-tarjeton_page-0001-300x169.jpg 300w, https:\/\/www.eltorneigdelsoci.es\/wp-content\/uploads\/2026\/03\/CENA-CHARITY-9-ABRIL-26_-tarjeton_page-0001-1024x576.jpg 1024w, https:\/\/www.eltorneigdelsoci.es\/wp-content\/uploads\/2026\/03\/CENA-CHARITY-9-ABRIL-26_-tarjeton_page-0001-768x432.jpg 768w, https:\/\/www.eltorneigdelsoci.es\/wp-content\/uploads\/2026\/03\/CENA-CHARITY-9-ABRIL-26_-tarjeton_page-0001-1536x864.jpg 1536w, https:\/\/www.eltorneigdelsoci.es\/wp-content\/uploads\/2026\/03\/CENA-CHARITY-9-ABRIL-26_-tarjeton_page-0001-2048x1152.jpg 2048w\" sizes=\"(max-width: 2560px) 100vw, 2560px\" \/><\/p>\n\t\t\t\t\t\t\t\t<\/div>\n\t\t\t\t<\/div>\n\t\t\t\t\t<\/div>\n\t\t<\/div>\n\t\t\t\t\t<\/div>\n\t\t<\/section>\n\t\t\t\t<section class=\"elementor-section elementor-top-section elementor-element elementor-element-43ce917 elementor-section-boxed elementor-section-height-default elementor-section-height-default\" data-id=\"43ce917\" data-element_type=\"section\" data-e-type=\"section\" data-settings=\"{&quot;jet_parallax_layout_list&quot;:[]}\">\n\t\t\t\t\t\t<div class=\"elementor-container elementor-column-gap-default\">\n\t\t\t\t\t<div class=\"elementor-column elementor-col-100 elementor-top-column elementor-element elementor-element-baa7a9c\" data-id=\"baa7a9c\" data-element_type=\"column\" data-e-type=\"column\">\n\t\t\t<div class=\"elementor-widget-wrap elementor-element-populated\">\n\t\t\t\t\t\t<div class=\"elementor-element elementor-element-652e581 elementor-widget elementor-widget-heading\" data-id=\"652e581\" data-element_type=\"widget\" data-e-type=\"widget\" data-widget_type=\"heading.default\">\n\t\t\t\t<div class=\"elementor-widget-container\">\n\t\t\t\t\t<h3 class=\"elementor-heading-title elementor-size-default\">La Raqueta Solid\u00e0ria, la raqueta del campi\u00f3 pot ser teva!<\/h3>\t\t\t\t<\/div>\n\t\t\t\t<\/div>\n\t\t\t\t<div class=\"elementor-element elementor-element-f1e7139 elementor-widget elementor-widget-text-editor\" data-id=\"f1e7139\" data-element_type=\"widget\" data-e-type=\"widget\" data-widget_type=\"text-editor.default\">\n\t\t\t\t<div class=\"elementor-widget-container\">\n\t\t\t\t\t\t\t\t\t<p>Des d\u2019ara, i fins a la finalitzaci\u00f3 del Barcelona Open Banc Sabadell \u2013 73\u00e8 Trofeu Conde de God\u00f3, la Fundaci\u00f3 Tennis Barcelona t\u00e9 en marxa \u201cLa Raqueta Solid\u00e0ria\u201d, el sorteig de la raqueta del campi\u00f3 del Torneig.<\/p>\n<p>A\u00a0<a href=\"https:\/\/www.raquetasolidaria.org\/\" target=\"_blank\" rel=\"noopener\"><b>www.raquetasolidaria.org<\/b><\/a> es poden obtenir les participacions. Cada donatiu de 10\u20ac* dona dret a una participaci\u00f3. Es podr\u00e0 participar al sorteig fins el diumenge 19 d\u2019abril, just despr\u00e9s que s\u2019hagi disputat la final d\u2019aquesta edici\u00f3 i el sorteig es far\u00e0 el 21 d\u2019abril.<\/p>\n<p>Tota la recaptaci\u00f3 s\u2019adre\u00e7ar\u00e0 a l\u2019Escola de Tennis Solidari de la Fundaci\u00f3 Tennis Barcelona, que ofereix classes setmanals de tennis adre\u00e7ades a m\u00e9s de 450 nens i nenes en risc d\u2019exclusi\u00f3, amb berenrars saludables, i tamb\u00e9 al seu Programa de Beques Esportives. L&#8217;acci\u00f3 de la Fundaci\u00f3 arriba actualment a 15 barris diferents de Barcelona i l&#8217;\u00e0rea metropolitana.<\/p>\n<p><b>VENDA ANTICIPADA:<\/b> aconsegueix un 2 x 1 si hi participes abans del 10 d\u2019abril (una participaci\u00f3 extra per cada aportaci\u00f3 de 10\u20ac).<\/p>\n<p>(*) La teva donaci\u00f3 desgrava fiscalment i rebr\u00e0s el certificat corresponent.<\/p>\n\t\t\t\t\t\t\t\t<\/div>\n\t\t\t\t<\/div>\n\t\t\t\t\t<\/div>\n\t\t<\/div>\n\t\t\t\t\t<\/div>\n\t\t<\/section>\n\t\t\t\t<section class=\"elementor-section elementor-top-section elementor-element elementor-element-39d7990 elementor-section-boxed elementor-section-height-default elementor-section-height-default\" data-id=\"39d7990\" data-element_type=\"section\" data-e-type=\"section\" data-settings=\"{&quot;jet_parallax_layout_list&quot;:[]}\">\n\t\t\t\t\t\t<div class=\"elementor-container elementor-column-gap-default\">\n\t\t\t\t\t<div class=\"elementor-column elementor-col-100 elementor-top-column elementor-element elementor-element-6d68043\" data-id=\"6d68043\" data-element_type=\"column\" data-e-type=\"column\">\n\t\t\t<div class=\"elementor-widget-wrap elementor-element-populated\">\n\t\t\t\t\t\t<div class=\"elementor-element elementor-element-01ac435 elementor-widget elementor-widget-image\" data-id=\"01ac435\" data-element_type=\"widget\" data-e-type=\"widget\" data-widget_type=\"image.default\">\n\t\t\t\t<div class=\"elementor-widget-container\">\n\t\t\t\t\t\t\t\t\t\t\t\t\t\t\t<img decoding=\"async\" width=\"768\" height=\"549\" src=\"https:\/\/www.eltorneigdelsoci.es\/wp-content\/uploads\/2026\/03\/POSTER-RAQUETA-HORIZONTAL-cat_page-0001-768x549.jpg\" class=\"attachment-medium_large size-medium_large wp-image-9692\" alt=\"\" srcset=\"https:\/\/www.eltorneigdelsoci.es\/wp-content\/uploads\/2026\/03\/POSTER-RAQUETA-HORIZONTAL-cat_page-0001-768x549.jpg 768w, https:\/\/www.eltorneigdelsoci.es\/wp-content\/uploads\/2026\/03\/POSTER-RAQUETA-HORIZONTAL-cat_page-0001-300x214.jpg 300w, https:\/\/www.eltorneigdelsoci.es\/wp-content\/uploads\/2026\/03\/POSTER-RAQUETA-HORIZONTAL-cat_page-0001-1024x731.jpg 1024w\" sizes=\"(max-width: 768px) 100vw, 768px\" \/>\t\t\t\t\t\t\t\t\t\t\t\t\t\t\t<\/div>\n\t\t\t\t<\/div>\n\t\t\t\t\t<\/div>\n\t\t<\/div>\n\t\t\t\t\t<\/div>\n\t\t<\/section>\n\t\t\t\t<section class=\"elementor-section elementor-top-section elementor-element elementor-element-f3a17a0 elementor-hidden-desktop elementor-hidden-tablet elementor-hidden-mobile elementor-section-boxed elementor-section-height-default elementor-section-height-default\" data-id=\"f3a17a0\" data-element_type=\"section\" data-e-type=\"section\" data-settings=\"{&quot;jet_parallax_layout_list&quot;:[]}\">\n\t\t\t\t\t\t<div class=\"elementor-container elementor-column-gap-default\">\n\t\t\t\t\t<div class=\"elementor-column elementor-col-100 elementor-top-column elementor-element elementor-element-bf95cee\" data-id=\"bf95cee\" data-element_type=\"column\" data-e-type=\"column\">\n\t\t\t<div class=\"elementor-widget-wrap elementor-element-populated\">\n\t\t\t\t\t\t<div class=\"elementor-element elementor-element-e9bfc5c elementor-widget elementor-widget-spacer\" data-id=\"e9bfc5c\" data-element_type=\"widget\" data-e-type=\"widget\" data-widget_type=\"spacer.default\">\n\t\t\t\t<div class=\"elementor-widget-container\">\n\t\t\t\t\t\t\t<div class=\"elementor-spacer\">\n\t\t\t<div class=\"elementor-spacer-inner\"><\/div>\n\t\t<\/div>\n\t\t\t\t\t\t<\/div>\n\t\t\t\t<\/div>\n\t\t\t\t\t<\/div>\n\t\t<\/div>\n\t\t\t\t\t<\/div>\n\t\t<\/section>\n\t\t\t\t<section class=\"elementor-section elementor-top-section elementor-element elementor-element-6e8c307 elementor-section-boxed elementor-section-height-default elementor-section-height-default\" data-id=\"6e8c307\" data-element_type=\"section\" data-e-type=\"section\" data-settings=\"{&quot;jet_parallax_layout_list&quot;:[]}\">\n\t\t\t\t\t\t<div class=\"elementor-container elementor-column-gap-default\">\n\t\t\t\t\t<div class=\"elementor-column elementor-col-100 elementor-top-column elementor-element elementor-element-89119ce\" data-id=\"89119ce\" data-element_type=\"column\" data-e-type=\"column\">\n\t\t\t<div class=\"elementor-widget-wrap elementor-element-populated\">\n\t\t\t\t\t\t<div class=\"elementor-element elementor-element-38f7396 elementor-widget elementor-widget-spacer\" data-id=\"38f7396\" data-element_type=\"widget\" data-e-type=\"widget\" data-widget_type=\"spacer.default\">\n\t\t\t\t<div class=\"elementor-widget-container\">\n\t\t\t\t\t\t\t<div class=\"elementor-spacer\">\n\t\t\t<div class=\"elementor-spacer-inner\"><\/div>\n\t\t<\/div>\n\t\t\t\t\t\t<\/div>\n\t\t\t\t<\/div>\n\t\t\t\t\t<\/div>\n\t\t<\/div>\n\t\t\t\t\t<\/div>\n\t\t<\/section>\n\t\t\t\t<section class=\"elementor-section elementor-top-section elementor-element elementor-element-b8f22fe elementor-section-boxed elementor-section-height-default elementor-section-height-default\" data-id=\"b8f22fe\" data-element_type=\"section\" data-e-type=\"section\" data-settings=\"{&quot;jet_parallax_layout_list&quot;:[]}\">\n\t\t\t\t\t\t<div class=\"elementor-container elementor-column-gap-default\">\n\t\t\t\t\t<div class=\"elementor-column elementor-col-100 elementor-top-column elementor-element elementor-element-f3c6a2d\" data-id=\"f3c6a2d\" data-element_type=\"column\" data-e-type=\"column\">\n\t\t\t<div class=\"elementor-widget-wrap elementor-element-populated\">\n\t\t\t\t\t\t<div class=\"elementor-element elementor-element-e5fc030 elementor-widget elementor-widget-text-editor\" data-id=\"e5fc030\" data-element_type=\"widget\" data-e-type=\"widget\" data-widget_type=\"text-editor.default\">\n\t\t\t\t<div class=\"elementor-widget-container\">\n\t\t\t\t\t\t\t\t\t<h3 style=\"font-family: var( --e-global-typography-primary-font-family ), Sans-serif; font-style: normal; font-weight: var( --e-global-typography-primary-font-weight ); color: #225484; -webkit-text-stroke-color: #000000; stroke-width: 0px; stroke: #000000; mix-blend-mode: multiply; text-align: left;\" data-elementor-setting-key=\"title\" data-pen-placeholder=\"Escriviu aqu\u00ed...\">Tercera edici\u00f3n de los Palcos Solidarios<\/h3>\n<p>Por tercer a\u00f1o consecutivo, la Fundaci\u00f3n Tenis Barcelona impulsa la Lonja Solidaria, una distinci\u00f3n que reconoce a los socios y socias del Barcelona Open Banc Sabadell &#8211; Trofeo Conde de God\u00f3 como personas comprometidas con la solidaridad del Torneo. Desde su creaci\u00f3n, la Lonja Solidaria ha demostrado ser una herramienta clave dentro del compromiso social del Torneo. Adem\u00e1s de ofrecer beneficios fiscales y visibilidad a los socios que participan, incluyendo la identificaci\u00f3n del sello del Palco en la Pista Rafa Nadal, la Lonja Solidaria permite que el impacto positivo del tenis trascienda la pista y llegue a los que m\u00e1s lo necesitan.<\/p>\n<h3 class=\"elementor-heading-title elementor-size-default elementor-inline-editing pen\" style=\"font-family: var( --e-global-typography-primary-font-family ), Sans-serif; font-style: normal; font-weight: var( --e-global-typography-primary-font-weight ); color: #225484; -webkit-text-stroke-color: #000000; stroke-width: 0px; stroke: #000000; mix-blend-mode: multiply; text-align: left;\" data-elementor-setting-key=\"title\" data-pen-placeholder=\"Escriviu aqu\u00ed...\">El Cl\u00ednic, la inclusi\u00f3n en la Pista Rafa Nadal<\/h3>\n<p>Los ni\u00f1os y ni\u00f1as de la Escuela de Tenis Solidario del Club, que participan en los programas \u201cTenis con Valores\u201d y en \u201cPlay All\u201d, asistir\u00e1n al Cl\u00ednic. Los Special Olympics, un a\u00f1o m\u00e1s, jugar\u00e1n a tenis en la pista central el domingo 13 de abril junto a los jugadores del cuadro oficial.<\/p>\n<h3 style=\"font-family: var( --e-global-typography-primary-font-family ), Sans-serif; font-style: normal; font-weight: var( --e-global-typography-primary-font-weight ); -webkit-text-stroke-color: #000000; color: #225484; stroke-width: 0px; stroke: #000000; mix-blend-mode: multiply; text-align: left;\" data-elementor-setting-key=\"title\" data-pen-placeholder=\"Escriviu aqu\u00ed...\">Campa\u00f1a de donaci\u00f3n de sangre y plasma<\/h3>\n<p>Un a\u00f1o m\u00e1s, en colaboraci\u00f3n con el Banc de Sang i Teixits, el domingo 12 de abril a partir de las 9h de la ma\u00f1ana, en el Poliedeportivo del Real Club de Tenis Barcelona, se habilitar\u00e1 un espacio para hacer donaci\u00f3n de sangre y plasma, sin duda un gesto sencillo pero cargado de solidaridad. Todos los donantes recibir\u00e1n una entrada del mismo domingo per asistir al Torneo y para el siguiente lunes. Adem\u00e1s, todos ellos y ellas entrar\u00e1n en sorteo de una entrada doble para las finales del Torneo del domingo 19 de abril.<\/p>\n<h3 style=\"font-family: var( --e-global-typography-primary-font-family ), Sans-serif; font-style: normal; font-weight: var( --e-global-typography-primary-font-weight ); color: #225484; -webkit-text-stroke-color: #000000; stroke-width: 0px; stroke: #000000; mix-blend-mode: multiply; text-align: left;\" data-elementor-setting-key=\"title\" data-pen-placeholder=\"Escriviu aqu\u00ed...\">Los invitados m\u00e1s especiales<\/h3>\n<p>Como cada a\u00f1o, tendremos las visitas de pacientes de Sant Joan de D\u00e9u, de Arapdis as\u00ed como los alumnos de Tennis per Tothom, que trabaja para que el tenis sea un deporte cada d\u00eda m\u00e1s inclusivo.<\/p>\n<h3 style=\"font-family: var( --e-global-typography-primary-font-family ), Sans-serif; font-style: normal; font-weight: var( --e-global-typography-primary-font-weight ); color: #225484; -webkit-text-stroke-color: #000000; stroke-width: 0px; stroke: #000000; mix-blend-mode: multiply; text-align: left;\" data-elementor-setting-key=\"title\" data-pen-placeholder=\"Escriviu aqu\u00ed...\">Unos ballkids que dejan huella<\/h3>\n<p>La pasada edici\u00f3n, el Club con la colaboraci\u00f3n de la Fundaci\u00f3n Aura, dio un paso hist\u00f3rico al integrar en el equipo de ballkids a personas con s\u00edndrome de Down. Gracias a esta alianza, Alessandra Bonomi y D\u00eddac Forn se convirtieron en los primeros recogepelotas con discapacidad intelectual del Torneo. Su participaci\u00f3n demostr\u00f3 que la discapacidad no es una barrera para formar parte activa de un evento deportivo de \u00e9lite.<\/p>\n<h3 style=\"font-family: var( --e-global-typography-primary-font-family ), Sans-serif; font-style: normal; font-weight: var( --e-global-typography-primary-font-weight ); color: #225484; -webkit-text-stroke-color: #000000; stroke-width: 0px; stroke: #000000; mix-blend-mode: multiply; text-align: left;\" data-elementor-setting-key=\"title\" data-pen-placeholder=\"Escriviu aqu\u00ed...\">Los voluntarios, un equipo imprescindible<\/h3>\n<p>Un a\u00f1o m\u00e1s, la Fundaci\u00f3n tendr\u00e1 un equipo de voluntarios excepcional, que participar\u00e1 en los distintos eventos y actos de la Fundaci\u00f3n.<\/p>\n<h3 class=\"elementor-heading-title elementor-size-default elementor-inline-editing pen\" style=\"font-family: var( --e-global-typography-primary-font-family ), Sans-serif; font-style: normal; font-weight: var( --e-global-typography-primary-font-weight ); color: #225484; -webkit-text-stroke-color: #000000; stroke-width: 0px; stroke: #000000; mix-blend-mode: multiply; text-align: left;\" data-elementor-setting-key=\"title\" data-pen-placeholder=\"Escriviu aqu\u00ed...\">El encuentro de los Players de la Fundaci\u00f3n<\/h3>\n<p>La Fundaci\u00f3n organizar\u00e1 un encuentro para los Players y amigos de la Fundaci\u00f3n, donde brindaremos juntos por las novedades y crecimiento de la Fundaci\u00f3n del Club.<\/p>\n<p>\u00a1Citas imprescindibles para todos los que practicamos El Tenis que Suma!<\/p>\n<p><img loading=\"lazy\" decoding=\"async\" class=\"alignnone wp-image-9891 size-large\" src=\"https:\/\/www.eltorneigdelsoci.es\/wp-content\/uploads\/2026\/03\/Collage-fotos-microsite-1024x576.png\" alt=\"\" width=\"1024\" height=\"576\" srcset=\"https:\/\/www.eltorneigdelsoci.es\/wp-content\/uploads\/2026\/03\/Collage-fotos-microsite-1024x576.png 1024w, https:\/\/www.eltorneigdelsoci.es\/wp-content\/uploads\/2026\/03\/Collage-fotos-microsite-300x169.png 300w, https:\/\/www.eltorneigdelsoci.es\/wp-content\/uploads\/2026\/03\/Collage-fotos-microsite-768x432.png 768w, https:\/\/www.eltorneigdelsoci.es\/wp-content\/uploads\/2026\/03\/Collage-fotos-microsite-1536x864.png 1536w, https:\/\/www.eltorneigdelsoci.es\/wp-content\/uploads\/2026\/03\/Collage-fotos-microsite.png 1920w\" sizes=\"(max-width: 1024px) 100vw, 1024px\" \/><\/p>\n<p>&nbsp;<\/p>\n<p>&nbsp;<\/p>\n<p>&nbsp;<\/p>\n\t\t\t\t\t\t\t\t<\/div>\n\t\t\t\t<\/div>\n\t\t\t\t\t<\/div>\n\t\t<\/div>\n\t\t\t\t\t<\/div>\n\t\t<\/section>\n\t\t\t\t<\/div>\n\t\t","protected":false},"excerpt":{"rendered":"<p>La Fundaci\u00f3n Tenis Barcelona, Charity Partner del Torneo El Torneo ser\u00e1 el mejor escaparate para toda la acci\u00f3n solidaria que lleva a cabo el Club. El Charity Partner ya tiene una larga lista de actividades e iniciativas solidarias que os explicamos a continuaci\u00f3n: Opening Night, un d\u00eda solidario El jueves 9 de abril, el Barcelona &#8230; <a title=\"Torneo Solidario\" class=\"read-more\" href=\"https:\/\/www.eltorneigdelsoci.es\/es\/torneo-solidario\/\" aria-label=\"Leer m\u00e1s sobre Torneo Solidario\">Leer m\u00e1s<\/a><\/p>\n","protected":false},"author":1,"featured_media":0,"parent":0,"menu_order":0,"comment_status":"closed","ping_status":"closed","template":"elementor_header_footer","meta":{"footnotes":""},"class_list":["post-481","page","type-page","status-publish"],"_links":{"self":[{"href":"https:\/\/www.eltorneigdelsoci.es\/es\/wp-json\/wp\/v2\/pages\/481","targetHints":{"allow":["GET"]}}],"collection":[{"href":"https:\/\/www.eltorneigdelsoci.es\/es\/wp-json\/wp\/v2\/pages"}],"about":[{"href":"https:\/\/www.eltorneigdelsoci.es\/es\/wp-json\/wp\/v2\/types\/page"}],"author":[{"embeddable":true,"href":"https:\/\/www.eltorneigdelsoci.es\/es\/wp-json\/wp\/v2\/users\/1"}],"replies":[{"embeddable":true,"href":"https:\/\/www.eltorneigdelsoci.es\/es\/wp-json\/wp\/v2\/comments?post=481"}],"version-history":[{"count":0,"href":"https:\/\/www.eltorneigdelsoci.es\/es\/wp-json\/wp\/v2\/pages\/481\/revisions"}],"wp:attachment":[{"href":"https:\/\/www.eltorneigdelsoci.es\/es\/wp-json\/wp\/v2\/media?parent=481"}],"curies":[{"name":"wp","href":"https:\/\/api.w.org\/{rel}","templated":true}]}}